{"id":310,"date":"2023-11-16T10:53:08","date_gmt":"2023-11-16T10:53:08","guid":{"rendered":"https:\/\/recyclen.hu\/?post_type=product&#038;p=310"},"modified":"2023-11-16T12:18:30","modified_gmt":"2023-11-16T12:18:30","slug":"preselt-lemez","status":"publish","type":"product","link":"https:\/\/recyclen.hu\/index.php\/termek\/preselt-lemez\/","title":{"rendered":"Pr\u00e9selt lemez"},"content":{"rendered":"<p><strong>M\u00e9retek:<\/strong><\/p>\n<ul>\n<li>1000 x 1200 mm<\/li>\n<li>1000 x 1500 mm<\/li>\n<\/ul>\n<p><strong>Vastags\u00e1g:<\/strong><br \/>8 &#8211; 30 mm-ig<br \/>\n<strong>Fel\u00fclet:<\/strong><\/p>\n<ul>\n<li>S\u00edk<\/li>\n<li>Rombuszmint\u00e1s<\/li>\n<\/ul>\n<p><strong>Alapanyaga:<\/strong><br \/>PE<br \/>\n<strong>Alkalmaz\u00e1sa:<\/strong><br \/>A mint\u00e1zat rendelhet\u0151 egy illetve k\u00e9t oldalon. A lemezek felhaszn\u00e1l\u00e1sa sz\u00e9lesk\u00f6r\u0171, vegyszereknek \u00e9s az id\u0151j\u00e1r\u00e1snak ellen\u00e1ll. Egym\u00e1shoz val\u00f3 r\u00f6gz\u00edt\u00e9se hegeszt\u00e9ssel val\u00f3s\u00edthat\u00f3 meg. A lemezeket ig\u00e9ny szerint m\u00e9retre v\u00e1gjuk. K\u00fcl\u00f6nleges form\u00e1k kiv\u00e1g\u00e1s\u00e1t is meg tudjuk val\u00f3s\u00edtani 3 tengelyes mar\u00f3val.<\/p>\n","protected":false},"excerpt":{"rendered":"<p><strong>M\u00e9retek:<\/strong><\/p>\n<ul>\n<li>1000 x 1200 mm<\/li>\n<li>1000 x 1500 mm<\/li>\n<\/ul>\n<p><strong>Vastags\u00e1g:<\/strong><br \/>8 mm &#8211; 30 mm-ig<br \/>\n<strong>Fel\u00fclet:<\/strong><\/p>\n<ul>\n<li>S\u00edk<\/li>\n<li>Rombuszmint\u00e1s<\/li>\n<\/ul>\n<p><strong>Alapanyaga:<\/strong><br \/>PE<br \/>\n<strong>Alkalmaz\u00e1sa:<\/strong><br \/>A mint\u00e1zat rendelhet\u0151 egy illetve k\u00e9t oldalon. A lemezek felhaszn\u00e1l\u00e1sa sz\u00e9lesk\u00f6r\u0171, vegyszereknek \u00e9s az id\u0151j\u00e1r\u00e1snak ellen\u00e1ll. Egym\u00e1shoz val\u00f3 r\u00f6gz\u00edt\u00e9se hegeszt\u00e9ssel val\u00f3s\u00edthat\u00f3 meg. A lemezeket ig\u00e9ny szerint m\u00e9retre v\u00e1gjuk. K\u00fcl\u00f6nleges form\u00e1k kiv\u00e1g\u00e1s\u00e1t is meg tudjuk val\u00f3s\u00edtani 3 tengelyes mar\u00f3val.<\/p>\n","protected":false},"featured_media":312,"comment_status":"open","ping_status":"closed","template":"","meta":[],"product_cat":[19,28],"product_tag":[],"class_list":{"0":"post-310","1":"product","2":"type-product","3":"status-publish","4":"has-post-thumbnail","6":"product_cat-lemeztermekek","7":"product_cat-siklemezek","9":"first","10":"instock","11":"shipping-taxable","12":"product-type-simple"},"_links":{"self":[{"href":"https:\/\/recyclen.hu\/index.php\/wp-json\/wp\/v2\/product\/310","targetHints":{"allow":["GET"]}}],"collection":[{"href":"https:\/\/recyclen.hu\/index.php\/wp-json\/wp\/v2\/product"}],"about":[{"href":"https:\/\/recyclen.hu\/index.php\/wp-json\/wp\/v2\/types\/product"}],"replies":[{"embeddable":true,"href":"https:\/\/recyclen.hu\/index.php\/wp-json\/wp\/v2\/comments?post=310"}],"version-history":[{"count":5,"href":"https:\/\/recyclen.hu\/index.php\/wp-json\/wp\/v2\/product\/310\/revisions"}],"predecessor-version":[{"id":317,"href":"https:\/\/recyclen.hu\/index.php\/wp-json\/wp\/v2\/product\/310\/revisions\/317"}],"wp:featuredmedia":[{"embeddable":true,"href":"https:\/\/recyclen.hu\/index.php\/wp-json\/wp\/v2\/media\/312"}],"wp:attachment":[{"href":"https:\/\/recyclen.hu\/index.php\/wp-json\/wp\/v2\/media?parent=310"}],"wp:term":[{"taxonomy":"product_cat","embeddable":true,"href":"https:\/\/recyclen.hu\/index.php\/wp-json\/wp\/v2\/product_cat?post=310"},{"taxonomy":"product_tag","embeddable":true,"href":"https:\/\/recyclen.hu\/index.php\/wp-json\/wp\/v2\/product_tag?post=310"}],"curies":[{"name":"wp","href":"https:\/\/api.w.org\/{rel}","templated":true}]}}