{"id":285,"date":"2023-08-03T08:34:31","date_gmt":"2023-08-03T08:34:31","guid":{"rendered":"https:\/\/recyclen.hu\/?post_type=product&#038;p=285"},"modified":"2023-08-03T09:10:01","modified_gmt":"2023-08-03T09:10:01","slug":"3-tengelyes-maras","status":"publish","type":"product","link":"https:\/\/recyclen.hu\/index.php\/termek\/3-tengelyes-maras\/","title":{"rendered":"3 tengelyes mar\u00e1s"},"content":{"rendered":"","protected":false},"excerpt":{"rendered":"<p>Lehet\u0151s\u00e9g van az \u00e1ltalunk gy\u00e1rtott m\u0171anyag lemezekb\u0151l alakzatok kiv\u00e1g\u00e1sa is 3 tengelyes mar\u00f3g\u00e9p seg\u00edts\u00e9g\u00e9vel.<br \/>\n<br \/>\n<iframe width=\"560\" height=\"315\" src=\"https:\/\/www.youtube.com\/embed\/Q2C4ftf01h4\" title=\"3 tengelyes mar\u00f3g\u00e9p\" frameborder=\"0\" allow=\"autoplay; clipboard-write; encrypted-media; gyroscope; picture-in-picture;\" allowfullscreen><\/iframe><\/p>\n","protected":false},"featured_media":286,"comment_status":"open","ping_status":"closed","template":"","meta":[],"product_cat":[34,31],"product_tag":[],"class_list":{"0":"post-285","1":"product","2":"type-product","3":"status-publish","4":"has-post-thumbnail","6":"product_cat-egyeb-egyebek","7":"product_cat-egyebek","9":"first","10":"instock","11":"shipping-taxable","12":"product-type-simple"},"_links":{"self":[{"href":"https:\/\/recyclen.hu\/index.php\/wp-json\/wp\/v2\/product\/285","targetHints":{"allow":["GET"]}}],"collection":[{"href":"https:\/\/recyclen.hu\/index.php\/wp-json\/wp\/v2\/product"}],"about":[{"href":"https:\/\/recyclen.hu\/index.php\/wp-json\/wp\/v2\/types\/product"}],"replies":[{"embeddable":true,"href":"https:\/\/recyclen.hu\/index.php\/wp-json\/wp\/v2\/comments?post=285"}],"version-history":[{"count":6,"href":"https:\/\/recyclen.hu\/index.php\/wp-json\/wp\/v2\/product\/285\/revisions"}],"predecessor-version":[{"id":300,"href":"https:\/\/recyclen.hu\/index.php\/wp-json\/wp\/v2\/product\/285\/revisions\/300"}],"wp:featuredmedia":[{"embeddable":true,"href":"https:\/\/recyclen.hu\/index.php\/wp-json\/wp\/v2\/media\/286"}],"wp:attachment":[{"href":"https:\/\/recyclen.hu\/index.php\/wp-json\/wp\/v2\/media?parent=285"}],"wp:term":[{"taxonomy":"product_cat","embeddable":true,"href":"https:\/\/recyclen.hu\/index.php\/wp-json\/wp\/v2\/product_cat?post=285"},{"taxonomy":"product_tag","embeddable":true,"href":"https:\/\/recyclen.hu\/index.php\/wp-json\/wp\/v2\/product_tag?post=285"}],"curies":[{"name":"wp","href":"https:\/\/api.w.org\/{rel}","templated":true}]}}