{"id":144,"date":"2023-04-29T21:47:43","date_gmt":"2023-04-29T21:47:43","guid":{"rendered":"https:\/\/recyclen.hu\/?post_type=product&#038;p=144"},"modified":"2023-04-29T21:48:14","modified_gmt":"2023-04-29T21:48:14","slug":"napelem-alatetlemez","status":"publish","type":"product","link":"https:\/\/recyclen.hu\/index.php\/termek\/napelem-alatetlemez\/","title":{"rendered":"Napelem al\u00e1t\u00e9tlemez"},"content":{"rendered":"<p><strong>M\u00e9ret:<\/strong> 1200&#215;800 mm<br \/>\n<strong>Lemez vastags\u00e1g:<\/strong> 8 mm<br \/>\n<strong>S\u00faly:<\/strong> 8 kg<br \/>\n<strong>Alkalmaz\u00e1sa:<\/strong> A fotovoltaikus rendszerek gyakorlatilag nem kevesebbet tesznek, minthogy a nap f\u00e9nyenergi\u00e1j\u00e1t elektromos \u00e1ramm\u00e1 alak\u00edtj\u00e1k \u00e1t, amivel \u00edgy m\u0171k\u00f6dtethetj\u00fck berendez\u00e9seinket.<br \/>\nA napelemes rendszereknek biztos alapokra van sz\u00fcks\u00e9g\u00fck. A nagy\u00e9rt\u00e9k\u0171 paneleket \u00fagy kell r\u00f6gz\u00edteni, hogy nagy sz\u00e9ler\u0151ss\u00e9g eset\u00e9n is biztosan \u00e1lljanak. A tart\u00f3rendszernek ellen kell \u00e1llni az id\u0151j\u00e1r\u00e1s viszontags\u00e1gainak. R\u00e9gebben beton elemeket haszn\u00e1ltak erre a c\u00e9lra.<br \/>\nA lapostet\u0151s vagy f\u00f6ldi telep\u00edt\u00e9sekn\u00e9l megold\u00e1st jelenthet az \u00fajrahasznos\u00edtott m\u0171anyagb\u00f3l k\u00e9sz\u00fclt trap\u00e9zmint\u00e1s hull\u00e1mlemez. A fel\u00e9p\u00edtm\u00e9nyt csavarral, vagy szegeccsel r\u00f6gz\u00edthet\u0151 a m\u0171anyag alaplemezhez. Szegecses r\u00f6gz\u00edt\u00e9s eset\u00e9n ak\u00e1r az el\u0151re elhelyezett alaplemezre a fel\u00e9p\u00edtm\u00e9ny a lemez felemel\u00e9se n\u00e9lk\u00fcl is r\u00f6gz\u00edthet\u0151. Ezt k\u00f6vet\u0151en az alaplemez fel\u00fclet\u00e9t 8-12cm vastags\u00e1gban kaviccsal kell felt\u00f6lteni, ami s\u00faly\u00e1val biztos\u00edtja a rendszer stabilit\u00e1s\u00e1t \u00e9s elmozdul\u00e1s elleni v\u00e9delm\u00e9t.<\/p>\n","protected":false},"excerpt":{"rendered":"<p><strong>M\u00e9ret:<\/strong> 1200&#215;800 mm<br \/>\n<strong>Lemez vastags\u00e1g:<\/strong> 8 mm<br \/>\n<strong>S\u00faly:<\/strong> 8 kg<br \/>\n<strong>Alkalmaz\u00e1sa:<\/strong> A fotovoltaikus rendszerek gyakorlatilag nem kevesebbet tesznek, minthogy a nap f\u00e9nyenergi\u00e1j\u00e1t elektromos \u00e1ramm\u00e1 alak\u00edtj\u00e1k \u00e1t, amivel \u00edgy m\u0171k\u00f6dtethetj\u00fck berendez\u00e9seinket.<br \/>\nA napelemes rendszereknek biztos alapokra van sz\u00fcks\u00e9g\u00fck. A nagy\u00e9rt\u00e9k\u0171 paneleket \u00fagy kell r\u00f6gz\u00edteni, hogy nagy sz\u00e9ler\u0151ss\u00e9g eset\u00e9n is biztosan \u00e1lljanak. A tart\u00f3rendszernek ellen kell \u00e1llni az id\u0151j\u00e1r\u00e1s viszontags\u00e1gainak. R\u00e9gebben beton elemeket haszn\u00e1ltak erre a c\u00e9lra.<br \/>\nA lapostet\u0151s vagy f\u00f6ldi telep\u00edt\u00e9sekn\u00e9l megold\u00e1st jelenthet az \u00fajrahasznos\u00edtott m\u0171anyagb\u00f3l k\u00e9sz\u00fclt trap\u00e9zmint\u00e1s hull\u00e1mlemez. A fel\u00e9p\u00edtm\u00e9nyt csavarral, vagy szegeccsel r\u00f6gz\u00edthet\u0151 a m\u0171anyag alaplemezhez. Szegecses r\u00f6gz\u00edt\u00e9s eset\u00e9n ak\u00e1r az el\u0151re elhelyezett alaplemezre a fel\u00e9p\u00edtm\u00e9ny a lemez felemel\u00e9se n\u00e9lk\u00fcl is r\u00f6gz\u00edthet\u0151. Ezt k\u00f6vet\u0151en az alaplemez fel\u00fclet\u00e9t 8-12cm vastags\u00e1gban kaviccsal kell felt\u00f6lteni, ami s\u00faly\u00e1val biztos\u00edtja a rendszer stabilit\u00e1s\u00e1t \u00e9s elmozdul\u00e1s elleni v\u00e9delm\u00e9t.<\/p>\n","protected":false},"featured_media":195,"comment_status":"open","ping_status":"closed","template":"","meta":[],"product_cat":[29,19],"product_tag":[],"class_list":{"0":"post-144","1":"product","2":"type-product","3":"status-publish","4":"has-post-thumbnail","6":"product_cat-hullamlemezek","7":"product_cat-lemeztermekek","9":"first","10":"instock","11":"shipping-taxable","12":"product-type-simple"},"_links":{"self":[{"href":"https:\/\/recyclen.hu\/index.php\/wp-json\/wp\/v2\/product\/144","targetHints":{"allow":["GET"]}}],"collection":[{"href":"https:\/\/recyclen.hu\/index.php\/wp-json\/wp\/v2\/product"}],"about":[{"href":"https:\/\/recyclen.hu\/index.php\/wp-json\/wp\/v2\/types\/product"}],"replies":[{"embeddable":true,"href":"https:\/\/recyclen.hu\/index.php\/wp-json\/wp\/v2\/comments?post=144"}],"version-history":[{"count":0,"href":"https:\/\/recyclen.hu\/index.php\/wp-json\/wp\/v2\/product\/144\/revisions"}],"wp:featuredmedia":[{"embeddable":true,"href":"https:\/\/recyclen.hu\/index.php\/wp-json\/wp\/v2\/media\/195"}],"wp:attachment":[{"href":"https:\/\/recyclen.hu\/index.php\/wp-json\/wp\/v2\/media?parent=144"}],"wp:term":[{"taxonomy":"product_cat","embeddable":true,"href":"https:\/\/recyclen.hu\/index.php\/wp-json\/wp\/v2\/product_cat?post=144"},{"taxonomy":"product_tag","embeddable":true,"href":"https:\/\/recyclen.hu\/index.php\/wp-json\/wp\/v2\/product_tag?post=144"}],"curies":[{"name":"wp","href":"https:\/\/api.w.org\/{rel}","templated":true}]}}