{"id":143,"date":"2023-04-29T21:47:43","date_gmt":"2023-04-29T21:47:43","guid":{"rendered":"https:\/\/recyclen.hu\/?post_type=product&#038;p=143"},"modified":"2023-04-29T21:48:13","modified_gmt":"2023-04-29T21:48:13","slug":"agyasszegely-hullamlemezbol","status":"publish","type":"product","link":"https:\/\/recyclen.hu\/index.php\/termek\/agyasszegely-hullamlemezbol\/","title":{"rendered":"\u00c1gy\u00e1sszeg\u00e9ly hull\u00e1mlemezb\u0151l"},"content":{"rendered":"<p><strong>Hossza:<\/strong> 800 mm<br \/>\n<strong>Magass\u00e1g:<\/strong> Ig\u00e9ny szerint.<br \/>\n<strong>Profil magass\u00e1g:<\/strong> 30 mm<br \/>\n<strong>Lemez vastags\u00e1g:<\/strong> 7-8 mm<br \/>\n<strong>Alkalmaz\u00e1sa:<\/strong> Dekorat\u00edv szeg\u00e9lyt ad vir\u00e1gos- \u00e9s vetem\u00e9nyeskerteknek.<br \/>\nEzzel a szeg\u00e9llyel szint\u00e9n lehet \u00edves vonalvezet\u00e9st kialak\u00edtani, a profilb\u00f3l ad\u00f3d\u00f3an t\u00f6k\u00e9letesen hajl\u00edthat\u00f3, \u00edvelhet\u0151. A szeg\u00e9lyek v\u00e9gei egym\u00e1sba illeszthet\u0151k, \u00edgy k\u00fcl\u00f6n csavaroz\u00e1st nem ig\u00e9nyel. A hull\u00e1m profilnak \u00e9s az egyedi magass\u00e1gi m\u00e9retnek k\u00f6sz\u00f6nhet\u0151en alkalmas szintbeli elt\u00e9r\u00e9sek stabil elv\u00e1laszt\u00e1s\u00e1ra is.<\/p>\n","protected":false},"excerpt":{"rendered":"<p><strong>Hossza:<\/strong> 800 mm<br \/>\n<strong>Magass\u00e1g:<\/strong> Ig\u00e9ny szerint.<br \/>\n<strong>Profil magass\u00e1g:<\/strong> 30 mm<br \/>\n<strong>Lemez vastags\u00e1g:<\/strong> 7-8 mm<br \/>\n<strong>Alkalmaz\u00e1sa:<\/strong> Dekorat\u00edv szeg\u00e9lyt ad vir\u00e1gos- \u00e9s vetem\u00e9nyeskerteknek.<br \/>\nEzzel a szeg\u00e9llyel szint\u00e9n lehet \u00edves vonalvezet\u00e9st kialak\u00edtani, a profilb\u00f3l ad\u00f3d\u00f3an t\u00f6k\u00e9letesen hajl\u00edthat\u00f3, \u00edvelhet\u0151. A szeg\u00e9lyek v\u00e9gei egym\u00e1sba illeszthet\u0151k, \u00edgy k\u00fcl\u00f6n csavaroz\u00e1st nem ig\u00e9nyel. A hull\u00e1m profilnak \u00e9s az egyedi magass\u00e1gi m\u00e9retnek k\u00f6sz\u00f6nhet\u0151en alkalmas szintbeli elt\u00e9r\u00e9sek stabil elv\u00e1laszt\u00e1s\u00e1ra is.<\/p>\n","protected":false},"featured_media":193,"comment_status":"open","ping_status":"closed","template":"","meta":[],"product_cat":[29,19],"product_tag":[],"class_list":{"0":"post-143","1":"product","2":"type-product","3":"status-publish","4":"has-post-thumbnail","6":"product_cat-hullamlemezek","7":"product_cat-lemeztermekek","9":"first","10":"instock","11":"shipping-taxable","12":"product-type-simple"},"_links":{"self":[{"href":"https:\/\/recyclen.hu\/index.php\/wp-json\/wp\/v2\/product\/143","targetHints":{"allow":["GET"]}}],"collection":[{"href":"https:\/\/recyclen.hu\/index.php\/wp-json\/wp\/v2\/product"}],"about":[{"href":"https:\/\/recyclen.hu\/index.php\/wp-json\/wp\/v2\/types\/product"}],"replies":[{"embeddable":true,"href":"https:\/\/recyclen.hu\/index.php\/wp-json\/wp\/v2\/comments?post=143"}],"version-history":[{"count":0,"href":"https:\/\/recyclen.hu\/index.php\/wp-json\/wp\/v2\/product\/143\/revisions"}],"wp:featuredmedia":[{"embeddable":true,"href":"https:\/\/recyclen.hu\/index.php\/wp-json\/wp\/v2\/media\/193"}],"wp:attachment":[{"href":"https:\/\/recyclen.hu\/index.php\/wp-json\/wp\/v2\/media?parent=143"}],"wp:term":[{"taxonomy":"product_cat","embeddable":true,"href":"https:\/\/recyclen.hu\/index.php\/wp-json\/wp\/v2\/product_cat?post=143"},{"taxonomy":"product_tag","embeddable":true,"href":"https:\/\/recyclen.hu\/index.php\/wp-json\/wp\/v2\/product_tag?post=143"}],"curies":[{"name":"wp","href":"https:\/\/api.w.org\/{rel}","templated":true}]}}