{"id":141,"date":"2023-04-29T21:47:43","date_gmt":"2023-04-29T21:47:43","guid":{"rendered":"https:\/\/recyclen.hu\/?post_type=product&#038;p=141"},"modified":"2023-04-29T21:48:11","modified_gmt":"2023-04-29T21:48:11","slug":"utszeljelzo-fedellemez","status":"publish","type":"product","link":"https:\/\/recyclen.hu\/index.php\/termek\/utszeljelzo-fedellemez\/","title":{"rendered":"\u00datsz\u00e9ljelz\u0151 fed\u00e9llemez"},"content":{"rendered":"<p><strong>M\u00e9ret:<\/strong> 500x500x10 mm<br \/>\n<strong>S\u00faly:<\/strong> 2,5 kg<br \/>\n<strong>Alkalmaz\u00e1sa:<\/strong> Az \u00fatsz\u00e9ljelz\u0151 oszlop k\u00f6rnyezet\u00e9ben \u00f6r\u00f6k\u00f6s gondot jelent az aljn\u00f6v\u00e9nyzet v\u00e1g\u00e1sa, mivel a kasz\u00e1l\u00f3g\u00e9p nem f\u00e9r hozz\u00e1 \u00e9s ez\u00e9rt k\u00fcl\u00f6nf\u00e9le adaptereket kell alkalmazni. Egyszer\u0171 megold\u00e1snak t\u0171nik a fed\u00e9llemez, amely megakad\u00e1lyozza az oszlop k\u00f6rnyezet\u00e9ben a n\u00f6v\u00e9nyzet elszaporod\u00e1s\u00e1t.<\/p>\n","protected":false},"excerpt":{"rendered":"<p><strong>M\u00e9ret:<\/strong> 500x500x10 mm<br \/>\n<strong>S\u00faly:<\/strong> 2,5 kg<br \/>\n<strong>Alkalmaz\u00e1sa:<\/strong> Az \u00fatsz\u00e9ljelz\u0151 oszlop k\u00f6rnyezet\u00e9ben \u00f6r\u00f6k\u00f6s gondot jelent az aljn\u00f6v\u00e9nyzet v\u00e1g\u00e1sa, mivel a kasz\u00e1l\u00f3g\u00e9p nem f\u00e9r hozz\u00e1 \u00e9s ez\u00e9rt k\u00fcl\u00f6nf\u00e9le adaptereket kell alkalmazni. Egyszer\u0171 megold\u00e1snak t\u0171nik a fed\u00e9llemez, amely megakad\u00e1lyozza az oszlop k\u00f6rnyezet\u00e9ben a n\u00f6v\u00e9nyzet elszaporod\u00e1s\u00e1t.<\/p>\n","protected":false},"featured_media":189,"comment_status":"open","ping_status":"closed","template":"","meta":[],"product_cat":[19,28],"product_tag":[],"class_list":{"0":"post-141","1":"product","2":"type-product","3":"status-publish","4":"has-post-thumbnail","6":"product_cat-lemeztermekek","7":"product_cat-siklemezek","9":"first","10":"instock","11":"shipping-taxable","12":"product-type-simple"},"_links":{"self":[{"href":"https:\/\/recyclen.hu\/index.php\/wp-json\/wp\/v2\/product\/141","targetHints":{"allow":["GET"]}}],"collection":[{"href":"https:\/\/recyclen.hu\/index.php\/wp-json\/wp\/v2\/product"}],"about":[{"href":"https:\/\/recyclen.hu\/index.php\/wp-json\/wp\/v2\/types\/product"}],"replies":[{"embeddable":true,"href":"https:\/\/recyclen.hu\/index.php\/wp-json\/wp\/v2\/comments?post=141"}],"version-history":[{"count":0,"href":"https:\/\/recyclen.hu\/index.php\/wp-json\/wp\/v2\/product\/141\/revisions"}],"wp:featuredmedia":[{"embeddable":true,"href":"https:\/\/recyclen.hu\/index.php\/wp-json\/wp\/v2\/media\/189"}],"wp:attachment":[{"href":"https:\/\/recyclen.hu\/index.php\/wp-json\/wp\/v2\/media?parent=141"}],"wp:term":[{"taxonomy":"product_cat","embeddable":true,"href":"https:\/\/recyclen.hu\/index.php\/wp-json\/wp\/v2\/product_cat?post=141"},{"taxonomy":"product_tag","embeddable":true,"href":"https:\/\/recyclen.hu\/index.php\/wp-json\/wp\/v2\/product_tag?post=141"}],"curies":[{"name":"wp","href":"https:\/\/api.w.org\/{rel}","templated":true}]}}