{"id":138,"date":"2023-04-29T21:47:43","date_gmt":"2023-04-29T21:47:43","guid":{"rendered":"https:\/\/recyclen.hu\/?post_type=product&#038;p=138"},"modified":"2023-08-03T09:29:42","modified_gmt":"2023-08-03T09:29:42","slug":"extrudalt-lemez","status":"publish","type":"product","link":"https:\/\/recyclen.hu\/index.php\/termek\/extrudalt-lemez\/","title":{"rendered":"Extrud\u00e1lt lemez"},"content":{"rendered":"<p><strong>Max r\u00e9ssz\u00e9less\u00e9g:<\/strong> 1300 mm<br \/>\n<strong>Gy\u00e1rhat\u00f3 lemezvastags\u00e1gok:<\/strong> 1 mm-t\u0151l 6 mm-ig<br \/>\n<strong>Felhaszn\u00e1lhat\u00f3 alapanyagok:<\/strong> PE, PP<br \/>\nT\u00e1bl\u00e1s lemez kivitel eset\u00e9n a hossz 400 mm-t\u0151l rendelhet\u0151 ig\u00e9ny szerint<\/p>\n<p>Ezen term\u00e9keink alapanyag min\u0151s\u00e9ge magasabb szint\u0171, mint az \u00e1ltalunk pr\u00e9sel\u00e9ses technol\u00f3gi\u00e1val gy\u00e1rtott term\u00e9kek\u00e9. \u00cdgy az \u00fajrahasznos\u00edt\u00e1ssal el\u0151\u00e1ll\u00edthat\u00f3 k\u00fcl\u00f6nb\u00f6z\u0151 min\u0151s\u00e9g\u0171, tisztas\u00e1g\u00fa m\u0171anyagok feldolgoz\u00e1sa n\u00e1lunk megval\u00f3sul. Term\u00e9szetesen els\u0151dleges gy\u00e1rt\u00e1s\u00fa anyagokat is haszn\u00e1lunk, ig\u00e9ny szerint.<\/p>\n","protected":false},"excerpt":{"rendered":"<p><strong>Max r\u00e9ssz\u00e9less\u00e9g:<\/strong> 1300 mm<br \/>\n<strong>Gy\u00e1rhat\u00f3 lemezvastags\u00e1gok:<\/strong> 1 mm-t\u0151l 6 mm-ig<br \/>\n<strong>Felhaszn\u00e1lhat\u00f3 alapanyagok:<\/strong> PE, PP<br \/>\nT\u00e1bl\u00e1s lemez kivitel eset\u00e9n a hossz 400 mm-t\u0151l rendelhet\u0151 ig\u00e9ny szerint<\/p>\n<p>Ezen term\u00e9keink alapanyag min\u0151s\u00e9ge magasabb szint\u0171, mint az \u00e1ltalunk pr\u00e9sel\u00e9ses technol\u00f3gi\u00e1val gy\u00e1rtott term\u00e9kek\u00e9. \u00cdgy az \u00fajrahasznos\u00edt\u00e1ssal el\u0151\u00e1ll\u00edthat\u00f3 k\u00fcl\u00f6nb\u00f6z\u0151 min\u0151s\u00e9g\u0171, tisztas\u00e1g\u00fa m\u0171anyagok feldolgoz\u00e1sa n\u00e1lunk megval\u00f3sul. Term\u00e9szetesen els\u0151dleges gy\u00e1rt\u00e1s\u00fa anyagokat is haszn\u00e1lunk, ig\u00e9ny szerint.<br \/>\n<br \/>\n<iframe width=\"560\" height=\"315\" src=\"https:\/\/www.youtube.com\/embed\/IwzTTduxaHs\" title=\"Lemez extrud\u00e1l\u00e1s\" frameborder=\"0\" allow=\"autoplay; clipboard-write; encrypted-media; gyroscope; picture-in-picture;\" allowfullscreen><\/iframe><\/p>\n","protected":false},"featured_media":185,"comment_status":"open","ping_status":"closed","template":"","meta":[],"product_cat":[19,28],"product_tag":[],"class_list":{"0":"post-138","1":"product","2":"type-product","3":"status-publish","4":"has-post-thumbnail","6":"product_cat-lemeztermekek","7":"product_cat-siklemezek","9":"first","10":"instock","11":"shipping-taxable","12":"product-type-simple"},"_links":{"self":[{"href":"https:\/\/recyclen.hu\/index.php\/wp-json\/wp\/v2\/product\/138","targetHints":{"allow":["GET"]}}],"collection":[{"href":"https:\/\/recyclen.hu\/index.php\/wp-json\/wp\/v2\/product"}],"about":[{"href":"https:\/\/recyclen.hu\/index.php\/wp-json\/wp\/v2\/types\/product"}],"replies":[{"embeddable":true,"href":"https:\/\/recyclen.hu\/index.php\/wp-json\/wp\/v2\/comments?post=138"}],"version-history":[{"count":2,"href":"https:\/\/recyclen.hu\/index.php\/wp-json\/wp\/v2\/product\/138\/revisions"}],"predecessor-version":[{"id":308,"href":"https:\/\/recyclen.hu\/index.php\/wp-json\/wp\/v2\/product\/138\/revisions\/308"}],"wp:featuredmedia":[{"embeddable":true,"href":"https:\/\/recyclen.hu\/index.php\/wp-json\/wp\/v2\/media\/185"}],"wp:attachment":[{"href":"https:\/\/recyclen.hu\/index.php\/wp-json\/wp\/v2\/media?parent=138"}],"wp:term":[{"taxonomy":"product_cat","embeddable":true,"href":"https:\/\/recyclen.hu\/index.php\/wp-json\/wp\/v2\/product_cat?post=138"},{"taxonomy":"product_tag","embeddable":true,"href":"https:\/\/recyclen.hu\/index.php\/wp-json\/wp\/v2\/product_tag?post=138"}],"curies":[{"name":"wp","href":"https:\/\/api.w.org\/{rel}","templated":true}]}}