{"id":137,"date":"2023-04-29T21:47:43","date_gmt":"2023-04-29T21:47:43","guid":{"rendered":"https:\/\/recyclen.hu\/?post_type=product&#038;p=137"},"modified":"2023-04-29T21:48:03","modified_gmt":"2023-04-29T21:48:03","slug":"5-csatornas-kabelhid","status":"publish","type":"product","link":"https:\/\/recyclen.hu\/index.php\/termek\/5-csatornas-kabelhid\/","title":{"rendered":"5 csatorn\u00e1s k\u00e1belh\u00edd"},"content":{"rendered":"<p><strong>M\u00e9ret:<\/strong> 900x500x50 mm<br \/>\n<strong>S\u00faly:<\/strong> 11,5 kg<br \/>\n<strong>M\u0171szaki le\u00edr\u00e1sa:<\/strong><\/p>\n<ul>\n<li>Az alaptest \u00fajrahasznos\u00edtott gumi, a fed\u00e9l PE zsan\u00e9ros, cs\u00fasz\u00e1smentes fel\u00fclettel ell\u00e1tva.<\/li>\n<li>Elektromos vezet\u00e9kek, v\u00edzcs\u00f6vek biztons\u00e1gos elhelyez\u00e9se rendezv\u00e9nyeken, \u00e9p\u00edt\u00e9si ter\u00fcleten.<\/li>\n<li>Az elemek egym\u00e1shoz r\u00f6gz\u00edthet\u0151k, k\u00f6z\u00fati forgalom eset\u00e9n 4 d\u0171bellel az \u00fattestre r\u00f6gz\u00edthet\u0151.<\/li>\n<li>A sz\u00e1ll\u00edt\u00e1st megk\u00f6nny\u00edt\u0151 foganty\u00faval rendelkezik.<\/li>\n<li>A fed\u00e9l s\u00e1rga figyelemfelkelt\u0151 sz\u00edn\u0171 \u00e9s az alaptesthez zsan\u00e9rral r\u00f6gz\u00edtett.<\/li>\n<\/ul>\n","protected":false},"excerpt":{"rendered":"<p><strong>M\u00e9ret:<\/strong> 900x500x50 mm<br \/>\n<strong>S\u00faly:<\/strong> 11,5 kg<br \/>\n<strong>M\u0171szaki le\u00edr\u00e1sa:<\/strong><\/p>\n<ul>\n<li>Az alaptest \u00fajrahasznos\u00edtott gumi, a fed\u00e9l PE zsan\u00e9ros, cs\u00fasz\u00e1smentes fel\u00fclettel ell\u00e1tva.<\/li>\n<li>Elektromos vezet\u00e9kek, v\u00edzcs\u00f6vek biztons\u00e1gos elhelyez\u00e9se rendezv\u00e9nyeken, \u00e9p\u00edt\u00e9si ter\u00fcleten.<\/li>\n<li>Az elemek egym\u00e1shoz r\u00f6gz\u00edthet\u0151k, k\u00f6z\u00fati forgalom eset\u00e9n 4 d\u0171bellel az \u00fattestre r\u00f6gz\u00edthet\u0151.<\/li>\n<li>A sz\u00e1ll\u00edt\u00e1st megk\u00f6nny\u00edt\u0151 foganty\u00faval rendelkezik.<\/li>\n<li>A fed\u00e9l s\u00e1rga figyelemfelkelt\u0151 sz\u00edn\u0171 \u00e9s az alaptesthez zsan\u00e9rral r\u00f6gz\u00edtett.<\/li>\n<\/ul>\n","protected":false},"featured_media":183,"comment_status":"open","ping_status":"closed","template":"","meta":[],"product_cat":[17,27],"product_tag":[],"class_list":{"0":"post-137","1":"product","2":"type-product","3":"status-publish","4":"has-post-thumbnail","6":"product_cat-forgalomtechnikai-eszkozok","7":"product_cat-kabelhidak","9":"first","10":"instock","11":"shipping-taxable","12":"product-type-simple"},"_links":{"self":[{"href":"https:\/\/recyclen.hu\/index.php\/wp-json\/wp\/v2\/product\/137","targetHints":{"allow":["GET"]}}],"collection":[{"href":"https:\/\/recyclen.hu\/index.php\/wp-json\/wp\/v2\/product"}],"about":[{"href":"https:\/\/recyclen.hu\/index.php\/wp-json\/wp\/v2\/types\/product"}],"replies":[{"embeddable":true,"href":"https:\/\/recyclen.hu\/index.php\/wp-json\/wp\/v2\/comments?post=137"}],"version-history":[{"count":0,"href":"https:\/\/recyclen.hu\/index.php\/wp-json\/wp\/v2\/product\/137\/revisions"}],"wp:featuredmedia":[{"embeddable":true,"href":"https:\/\/recyclen.hu\/index.php\/wp-json\/wp\/v2\/media\/183"}],"wp:attachment":[{"href":"https:\/\/recyclen.hu\/index.php\/wp-json\/wp\/v2\/media?parent=137"}],"wp:term":[{"taxonomy":"product_cat","embeddable":true,"href":"https:\/\/recyclen.hu\/index.php\/wp-json\/wp\/v2\/product_cat?post=137"},{"taxonomy":"product_tag","embeddable":true,"href":"https:\/\/recyclen.hu\/index.php\/wp-json\/wp\/v2\/product_tag?post=137"}],"curies":[{"name":"wp","href":"https:\/\/api.w.org\/{rel}","templated":true}]}}