{"id":133,"date":"2023-04-29T21:47:43","date_gmt":"2023-04-29T21:47:43","guid":{"rendered":"https:\/\/recyclen.hu\/?post_type=product&#038;p=133"},"modified":"2023-04-29T21:47:59","modified_gmt":"2023-04-29T21:47:59","slug":"kor-alaku-sebessegcsokkento","status":"publish","type":"product","link":"https:\/\/recyclen.hu\/index.php\/termek\/kor-alaku-sebessegcsokkento\/","title":{"rendered":"K\u00f6r alak\u00fa sebess\u00e9gcs\u00f6kkent\u0151"},"content":{"rendered":"<p><strong>M\u00e9ret:<\/strong> \u00d8500 mm<br \/>\n<strong>S\u00faly:<\/strong> 8,5 kg<br \/>\n<strong>Alapanyaga:<\/strong> PVC<br \/>\n<strong>Alkalmaz\u00e1sa:<\/strong> \u00d6nkorm\u00e1nyzati utakon, p\u00e9ld\u00e1ul lak\u00f3-pihen\u0151 \u00f6vezetekben, vagy k\u00f6zforgalm\u00fa mag\u00e1nter\u00fcleteken &#8211; mint a benzinkutak, \u00e1ruh\u00e1zi parkol\u00f3k &#8211; de nagy j\u00e1rm\u0171forgalm\u00fa \u00fczemi ter\u00fcleteken is az el\u0151irt sebess\u00e9ghat\u00e1rt az \u00fatburkolaton elhelyezett fizikai eszk\u00f6z\u00f6kkel kell kik\u00e9nyszer\u00edteni. Erre a c\u00e9lra alkalmas term\u00e9k a l\u00e1gy, m\u00e9gis kop\u00e1s\u00e1ll\u00f3 \u00fajrahasznos\u00edtott m\u0171anyagb\u00f3l k\u00e9sz\u00fclt sebess\u00e9gcs\u00f6kkent\u0151 k\u00fcsz\u00f6b.<br \/>\nAz \u00e1ltalunk fejlesztett, \u00faj elem, elt\u00e9r\u0151en a kor\u00e1bbiakt\u00f3l, nem egy, folyamatos szakaszt k\u00e9pez, hanem pontszer\u0171en rakhat\u00f3 \u00e9s az elhelyez\u00e9s s\u0171r\u0171s\u00e9g\u00e9t\u0151l, az elemek \u00e1ltal k\u00e9pzett sorok sz\u00e1m\u00e1t\u00f3l f\u00fcgg\u0151en a k\u00edv\u00e1nt, adott helysz\u00ednen ide\u00e1lis sebess\u00e9gcs\u00f6kkent\u0151 hat\u00e1s \u00e9rhet\u0151 el vele. K\u00e9t soros elhelyez\u00e9ssel a hat\u00e1s csak jelz\u00e9s, figyelmeztet\u00e9s \u00e9rt\u00e9k\u0171, a harmadik, negyedik, illetve tov\u00e1bbi sorok a nagy sebess\u00e9ggel \u00e9rkez\u0151 j\u00e1rm\u0171vet enyh\u00e9n \u201emegbillegtetik\u201d, \u00edgy k\u00e9nyszer\u00edtik ki a sebess\u00e9g lecs\u00f6kkent\u00e9s\u00e9t. Az elemek r\u00f6gz\u00edt\u00e9se 3db M12-es d\u00fcbellel.<\/p>\n","protected":false},"excerpt":{"rendered":"<p><strong>M\u00e9ret:<\/strong> \u00d8500 mm<br \/>\n<strong>S\u00faly:<\/strong> 8,5 kg<br \/>\n<strong>Alapanyaga:<\/strong> PVC<br \/>\n<strong>Alkalmaz\u00e1sa:<\/strong> \u00d6nkorm\u00e1nyzati utakon, p\u00e9ld\u00e1ul lak\u00f3-pihen\u0151 \u00f6vezetekben, vagy k\u00f6zforgalm\u00fa mag\u00e1nter\u00fcleteken &#8211; mint a benzinkutak, \u00e1ruh\u00e1zi parkol\u00f3k &#8211; de nagy j\u00e1rm\u0171forgalm\u00fa \u00fczemi ter\u00fcleteken is az el\u0151irt sebess\u00e9ghat\u00e1rt az \u00fatburkolaton elhelyezett fizikai eszk\u00f6z\u00f6kkel kell kik\u00e9nyszer\u00edteni. Erre a c\u00e9lra alkalmas term\u00e9k a l\u00e1gy, m\u00e9gis kop\u00e1s\u00e1ll\u00f3 \u00fajrahasznos\u00edtott m\u0171anyagb\u00f3l k\u00e9sz\u00fclt sebess\u00e9gcs\u00f6kkent\u0151 k\u00fcsz\u00f6b.<br \/>\nAz \u00e1ltalunk fejlesztett, \u00faj elem, elt\u00e9r\u0151en a kor\u00e1bbiakt\u00f3l, nem egy, folyamatos szakaszt k\u00e9pez, hanem pontszer\u0171en rakhat\u00f3 \u00e9s az elhelyez\u00e9s s\u0171r\u0171s\u00e9g\u00e9t\u0151l, az elemek \u00e1ltal k\u00e9pzett sorok sz\u00e1m\u00e1t\u00f3l f\u00fcgg\u0151en a k\u00edv\u00e1nt, adott helysz\u00ednen ide\u00e1lis sebess\u00e9gcs\u00f6kkent\u0151 hat\u00e1s \u00e9rhet\u0151 el vele. K\u00e9t soros elhelyez\u00e9ssel a hat\u00e1s csak jelz\u00e9s, figyelmeztet\u00e9s \u00e9rt\u00e9k\u0171, a harmadik, negyedik, illetve tov\u00e1bbi sorok a nagy sebess\u00e9ggel \u00e9rkez\u0151 j\u00e1rm\u0171vet enyh\u00e9n \u201emegbillegtetik\u201d, \u00edgy k\u00e9nyszer\u00edtik ki a sebess\u00e9g lecs\u00f6kkent\u00e9s\u00e9t. Az elemek r\u00f6gz\u00edt\u00e9se 3db M12-es d\u00fcbellel.<\/p>\n","protected":false},"featured_media":178,"comment_status":"open","ping_status":"closed","template":"","meta":[],"product_cat":[17,26],"product_tag":[],"class_list":{"0":"post-133","1":"product","2":"type-product","3":"status-publish","4":"has-post-thumbnail","6":"product_cat-forgalomtechnikai-eszkozok","7":"product_cat-sebessegcsokkento-elemek","9":"first","10":"instock","11":"shipping-taxable","12":"product-type-simple"},"_links":{"self":[{"href":"https:\/\/recyclen.hu\/index.php\/wp-json\/wp\/v2\/product\/133","targetHints":{"allow":["GET"]}}],"collection":[{"href":"https:\/\/recyclen.hu\/index.php\/wp-json\/wp\/v2\/product"}],"about":[{"href":"https:\/\/recyclen.hu\/index.php\/wp-json\/wp\/v2\/types\/product"}],"replies":[{"embeddable":true,"href":"https:\/\/recyclen.hu\/index.php\/wp-json\/wp\/v2\/comments?post=133"}],"version-history":[{"count":0,"href":"https:\/\/recyclen.hu\/index.php\/wp-json\/wp\/v2\/product\/133\/revisions"}],"wp:featuredmedia":[{"embeddable":true,"href":"https:\/\/recyclen.hu\/index.php\/wp-json\/wp\/v2\/media\/178"}],"wp:attachment":[{"href":"https:\/\/recyclen.hu\/index.php\/wp-json\/wp\/v2\/media?parent=133"}],"wp:term":[{"taxonomy":"product_cat","embeddable":true,"href":"https:\/\/recyclen.hu\/index.php\/wp-json\/wp\/v2\/product_cat?post=133"},{"taxonomy":"product_tag","embeddable":true,"href":"https:\/\/recyclen.hu\/index.php\/wp-json\/wp\/v2\/product_tag?post=133"}],"curies":[{"name":"wp","href":"https:\/\/api.w.org\/{rel}","templated":true}]}}