{"id":132,"date":"2023-04-29T21:47:43","date_gmt":"2023-04-29T21:47:43","guid":{"rendered":"https:\/\/recyclen.hu\/?post_type=product&#038;p=132"},"modified":"2023-04-29T21:47:58","modified_gmt":"2023-04-29T21:47:58","slug":"asszimetrikus-sebessegcsokkento","status":"publish","type":"product","link":"https:\/\/recyclen.hu\/index.php\/termek\/asszimetrikus-sebessegcsokkento\/","title":{"rendered":"Asszimetrikus Sebess\u00e9gcs\u00f6kkent\u0151"},"content":{"rendered":"<p><strong>M\u00e9ret:<\/strong> 485x435x70 \u00e9s 435x245x70 mm<br \/>\n<strong>S\u00faly:<\/strong> 14(k\u00f6zelem) \u00e9s 6,5(v\u00e9gelem) kg<br \/>\n<strong>Alapanyaga:<\/strong> PVC<br \/>\n<strong>Alkalmaz\u00e1sa:<\/strong> \u00d6nkorm\u00e1nyzati utakon, p\u00e9ld\u00e1ul lak\u00f3-pihen\u0151 \u00f6vezetekben, vagy k\u00f6zforgalm\u00fa mag\u00e1nter\u00fcleteken &#8211; mint a benzinkutak, \u00e1ruh\u00e1zi parkol\u00f3k &#8211; de nagy j\u00e1rm\u0171forgalm\u00fa \u00fczemi ter\u00fcleteken is az el\u0151irt sebess\u00e9ghat\u00e1rt az \u00fatburkolaton elhelyezett fizikai eszk\u00f6z\u00f6kkel kell kik\u00e9nyszer\u00edteni. Erre a c\u00e9lra alkalmas term\u00e9k a l\u00e1gy, m\u00e9gis kop\u00e1s\u00e1ll\u00f3 \u00fajrahasznos\u00edtott m\u0171anyagb\u00f3l k\u00e9sz\u00fclt sebess\u00e9gcs\u00f6kkent\u0151 k\u00fcsz\u00f6b. Az eddig ismert sebess\u00e9gcs\u00f6kkent\u0151 elemek, vagy \u00e9p\u00edtett \u00fatk\u00fcsz\u00f6b\u00f6k mindegyike szimmetrikus form\u00e1ban k\u00e9sz\u00fclt, azaz a felhajt\u00f3 \u00e9s lehajt\u00f3 oldal \u00edve egyforma volt. Ennek h\u00e1tr\u00e1nya, hogy az \u00edgy kialak\u00edtott k\u00fcsz\u00f6b csak egy, meghat\u00e1rozott sebess\u00e9g kik\u00e9nyszer\u00edt\u00e9s\u00e9re volt alkalmas. Az aszimmetrikus sebess\u00e9gcs\u00f6kkent\u0151 k\u00fcsz\u00f6b, meg\u0151rizve a m\u0171anyag sebess\u00e9gcs\u00f6kkent\u0151k el\u0151ny\u00f6s tulajdons\u00e1gait, egyszerre k\u00e9pes t\u00f6bb, az ig\u00e9nyeknek megfelel\u0151 sebess\u00e9gcs\u00f6kkent\u00e9si \u00e9rt\u00e9k el\u00e9r\u00e9s\u00e9re. A meredekebb felhajt\u00f3 \u00edv alacsonyabb (10 km\/h), a laposabb magasabb (30 km\/h) sebess\u00e9g\u00e9rt\u00e9ket tesz lehet\u0151v\u00e9. R\u00f6gz\u00edt\u00e9s\u00e9nek m\u00f3dja megegyezik a fentiek\u00e9vel, de m\u00e9ret\u00e9b\u0151l ad\u00f3d\u00f3an a d\u00fcbelek sz\u00e1ma k\u00f6zelemn\u00e9l 4db v\u00e9gz\u00e1r\u00f3n\u00e1l 2db. Ezen term\u00e9k eset\u00e9ben is van m\u00f3d f\u00e9nyvisszaver\u0151 prizm\u00e1k be\u00e9p\u00edt\u00e9s\u00e9re.<\/p>\n","protected":false},"excerpt":{"rendered":"<p><strong>M\u00e9ret:<\/strong> 485x435x70 \u00e9s 435x245x70 mm<br \/>\n<strong>S\u00faly:<\/strong> 14(k\u00f6zelem) \u00e9s 6,5(v\u00e9gelem) kg<br \/>\n<strong>Alapanyaga:<\/strong> PVC<br \/>\n<strong>Alkalmaz\u00e1sa:<\/strong> \u00d6nkorm\u00e1nyzati utakon, p\u00e9ld\u00e1ul lak\u00f3-pihen\u0151 \u00f6vezetekben, vagy k\u00f6zforgalm\u00fa mag\u00e1nter\u00fcleteken &#8211; mint a benzinkutak, \u00e1ruh\u00e1zi parkol\u00f3k &#8211; de nagy j\u00e1rm\u0171forgalm\u00fa \u00fczemi ter\u00fcleteken is az el\u0151irt sebess\u00e9ghat\u00e1rt az \u00fatburkolaton elhelyezett fizikai eszk\u00f6z\u00f6kkel kell kik\u00e9nyszer\u00edteni. Erre a c\u00e9lra alkalmas term\u00e9k a l\u00e1gy, m\u00e9gis kop\u00e1s\u00e1ll\u00f3 \u00fajrahasznos\u00edtott m\u0171anyagb\u00f3l k\u00e9sz\u00fclt sebess\u00e9gcs\u00f6kkent\u0151 k\u00fcsz\u00f6b. Az eddig ismert sebess\u00e9gcs\u00f6kkent\u0151 elemek, vagy \u00e9p\u00edtett \u00fatk\u00fcsz\u00f6b\u00f6k mindegyike szimmetrikus form\u00e1ban k\u00e9sz\u00fclt, azaz a felhajt\u00f3 \u00e9s lehajt\u00f3 oldal \u00edve egyforma volt. Ennek h\u00e1tr\u00e1nya, hogy az \u00edgy kialak\u00edtott k\u00fcsz\u00f6b csak egy, meghat\u00e1rozott sebess\u00e9g kik\u00e9nyszer\u00edt\u00e9s\u00e9re volt alkalmas. Az aszimmetrikus sebess\u00e9gcs\u00f6kkent\u0151 k\u00fcsz\u00f6b, meg\u0151rizve a m\u0171anyag sebess\u00e9gcs\u00f6kkent\u0151k el\u0151ny\u00f6s tulajdons\u00e1gait, egyszerre k\u00e9pes t\u00f6bb, az ig\u00e9nyeknek megfelel\u0151 sebess\u00e9gcs\u00f6kkent\u00e9si \u00e9rt\u00e9k el\u00e9r\u00e9s\u00e9re. A meredekebb felhajt\u00f3 \u00edv alacsonyabb (10 km\/h), a laposabb magasabb (30 km\/h) sebess\u00e9g\u00e9rt\u00e9ket tesz lehet\u0151v\u00e9. R\u00f6gz\u00edt\u00e9s\u00e9nek m\u00f3dja megegyezik a fentiek\u00e9vel, de m\u00e9ret\u00e9b\u0151l ad\u00f3d\u00f3an a d\u00fcbelek sz\u00e1ma k\u00f6zelemn\u00e9l 4db v\u00e9gz\u00e1r\u00f3n\u00e1l 2db. Ezen term\u00e9k eset\u00e9ben is van m\u00f3d f\u00e9nyvisszaver\u0151 prizm\u00e1k be\u00e9p\u00edt\u00e9s\u00e9re.<\/p>\n","protected":false},"featured_media":177,"comment_status":"open","ping_status":"closed","template":"","meta":[],"product_cat":[17,26],"product_tag":[],"class_list":{"0":"post-132","1":"product","2":"type-product","3":"status-publish","4":"has-post-thumbnail","6":"product_cat-forgalomtechnikai-eszkozok","7":"product_cat-sebessegcsokkento-elemek","9":"first","10":"instock","11":"shipping-taxable","12":"product-type-simple"},"_links":{"self":[{"href":"https:\/\/recyclen.hu\/index.php\/wp-json\/wp\/v2\/product\/132","targetHints":{"allow":["GET"]}}],"collection":[{"href":"https:\/\/recyclen.hu\/index.php\/wp-json\/wp\/v2\/product"}],"about":[{"href":"https:\/\/recyclen.hu\/index.php\/wp-json\/wp\/v2\/types\/product"}],"replies":[{"embeddable":true,"href":"https:\/\/recyclen.hu\/index.php\/wp-json\/wp\/v2\/comments?post=132"}],"version-history":[{"count":0,"href":"https:\/\/recyclen.hu\/index.php\/wp-json\/wp\/v2\/product\/132\/revisions"}],"wp:featuredmedia":[{"embeddable":true,"href":"https:\/\/recyclen.hu\/index.php\/wp-json\/wp\/v2\/media\/177"}],"wp:attachment":[{"href":"https:\/\/recyclen.hu\/index.php\/wp-json\/wp\/v2\/media?parent=132"}],"wp:term":[{"taxonomy":"product_cat","embeddable":true,"href":"https:\/\/recyclen.hu\/index.php\/wp-json\/wp\/v2\/product_cat?post=132"},{"taxonomy":"product_tag","embeddable":true,"href":"https:\/\/recyclen.hu\/index.php\/wp-json\/wp\/v2\/product_tag?post=132"}],"curies":[{"name":"wp","href":"https:\/\/api.w.org\/{rel}","templated":true}]}}