{"id":131,"date":"2023-04-29T21:47:42","date_gmt":"2023-04-29T21:47:42","guid":{"rendered":"https:\/\/recyclen.hu\/?post_type=product&#038;p=131"},"modified":"2023-04-29T21:47:58","modified_gmt":"2023-04-29T21:47:58","slug":"sebessegcsokkento-6cm","status":"publish","type":"product","link":"https:\/\/recyclen.hu\/index.php\/termek\/sebessegcsokkento-6cm\/","title":{"rendered":"Sebess\u00e9gcs\u00f6kkent\u0151 (6cm)"},"content":{"rendered":"<p><strong>M\u00e9ret:<\/strong> 400x250x60 mm<br \/>\n<strong>S\u00faly:<\/strong> 6 kg<br \/>\n<strong>Alapanyaga:<\/strong> PVC<br \/>\n<strong>Alkalmaz\u00e1sa:<\/strong> \u00d6nkorm\u00e1nyzati utakon, p\u00e9ld\u00e1ul lak\u00f3-pihen\u0151 \u00f6vezetekben, vagy k\u00f6zforgalm\u00fa mag\u00e1nter\u00fcleteken &#8211; mint a benzinkutak, \u00e1ruh\u00e1zi parkol\u00f3k &#8211; de nagy j\u00e1rm\u0171forgalm\u00fa \u00fczemi ter\u00fcleteken is az el\u0151irt sebess\u00e9ghat\u00e1rt az \u00fatburkolaton elhelyezett fizikai eszk\u00f6z\u00f6kkel kell kik\u00e9nyszer\u00edteni. Erre a c\u00e9lra alkalmas term\u00e9k a l\u00e1gy, m\u00e9gis kop\u00e1s\u00e1ll\u00f3 \u00fajrahasznos\u00edtott m\u0171anyagb\u00f3l k\u00e9sz\u00fclt sebess\u00e9gcs\u00f6kkent\u0151 k\u00fcsz\u00f6b.<br \/>\n<strong>R\u00f6gz\u00edt\u00e9se:<\/strong> R\u00f6gz\u00edt\u00e9se hasonl\u00f3 a 4 cm-es kivitel\u00e9hez. Enn\u00e9l a t\u00edpusn\u00e1l lehet\u0151s\u00e9g van f\u00e9nyvisszaver\u0151 prizm\u00e1k elhelyez\u00e9s\u00e9re is. A k\u00f6zdarabokn\u00e1l 2+2db s\u00e1rga \u00e9s feh\u00e9r prizma \u00e9p\u00edthet\u0151 be a v\u00e9gelemn\u00e9l 1+1. A prizm\u00e1k a menetir\u00e1nyra mer\u0151legesen helyezkednek el, \u00edgy a j\u00e1rm\u0171vek f\u00e9ny\u00e9t m\u00e1r messzir\u0151l visszaverik, \u00e9s jelzik a vezet\u0151nek az \u00fatk\u00fcsz\u00f6b pontos hely\u00e9t.<\/p>\n","protected":false},"excerpt":{"rendered":"<p><strong>M\u00e9ret:<\/strong> 400x250x60 mm<br \/>\n<strong>S\u00faly:<\/strong> 6 kg<br \/>\n<strong>Alapanyaga:<\/strong> PVC<br \/>\n<strong>Alkalmaz\u00e1sa:<\/strong> \u00d6nkorm\u00e1nyzati utakon, p\u00e9ld\u00e1ul lak\u00f3-pihen\u0151 \u00f6vezetekben, vagy k\u00f6zforgalm\u00fa mag\u00e1nter\u00fcleteken &#8211; mint a benzinkutak, \u00e1ruh\u00e1zi parkol\u00f3k &#8211; de nagy j\u00e1rm\u0171forgalm\u00fa \u00fczemi ter\u00fcleteken is az el\u0151irt sebess\u00e9ghat\u00e1rt az \u00fatburkolaton elhelyezett fizikai eszk\u00f6z\u00f6kkel kell kik\u00e9nyszer\u00edteni. Erre a c\u00e9lra alkalmas term\u00e9k a l\u00e1gy, m\u00e9gis kop\u00e1s\u00e1ll\u00f3 \u00fajrahasznos\u00edtott m\u0171anyagb\u00f3l k\u00e9sz\u00fclt sebess\u00e9gcs\u00f6kkent\u0151 k\u00fcsz\u00f6b.<br \/>\n<strong>R\u00f6gz\u00edt\u00e9se:<\/strong> R\u00f6gz\u00edt\u00e9se hasonl\u00f3 a 4 cm-es kivitel\u00e9hez. Enn\u00e9l a t\u00edpusn\u00e1l lehet\u0151s\u00e9g van f\u00e9nyvisszaver\u0151 prizm\u00e1k elhelyez\u00e9s\u00e9re is. A k\u00f6zdarabokn\u00e1l 2+2db s\u00e1rga \u00e9s feh\u00e9r prizma \u00e9p\u00edthet\u0151 be a v\u00e9gelemn\u00e9l 1+1. A prizm\u00e1k a menetir\u00e1nyra mer\u0151legesen helyezkednek el, \u00edgy a j\u00e1rm\u0171vek f\u00e9ny\u00e9t m\u00e1r messzir\u0151l visszaverik, \u00e9s jelzik a vezet\u0151nek az \u00fatk\u00fcsz\u00f6b pontos hely\u00e9t.<\/p>\n","protected":false},"featured_media":175,"comment_status":"open","ping_status":"closed","template":"","meta":[],"product_cat":[17,26],"product_tag":[],"class_list":{"0":"post-131","1":"product","2":"type-product","3":"status-publish","4":"has-post-thumbnail","6":"product_cat-forgalomtechnikai-eszkozok","7":"product_cat-sebessegcsokkento-elemek","9":"first","10":"instock","11":"shipping-taxable","12":"product-type-simple"},"_links":{"self":[{"href":"https:\/\/recyclen.hu\/index.php\/wp-json\/wp\/v2\/product\/131","targetHints":{"allow":["GET"]}}],"collection":[{"href":"https:\/\/recyclen.hu\/index.php\/wp-json\/wp\/v2\/product"}],"about":[{"href":"https:\/\/recyclen.hu\/index.php\/wp-json\/wp\/v2\/types\/product"}],"replies":[{"embeddable":true,"href":"https:\/\/recyclen.hu\/index.php\/wp-json\/wp\/v2\/comments?post=131"}],"version-history":[{"count":0,"href":"https:\/\/recyclen.hu\/index.php\/wp-json\/wp\/v2\/product\/131\/revisions"}],"wp:featuredmedia":[{"embeddable":true,"href":"https:\/\/recyclen.hu\/index.php\/wp-json\/wp\/v2\/media\/175"}],"wp:attachment":[{"href":"https:\/\/recyclen.hu\/index.php\/wp-json\/wp\/v2\/media?parent=131"}],"wp:term":[{"taxonomy":"product_cat","embeddable":true,"href":"https:\/\/recyclen.hu\/index.php\/wp-json\/wp\/v2\/product_cat?post=131"},{"taxonomy":"product_tag","embeddable":true,"href":"https:\/\/recyclen.hu\/index.php\/wp-json\/wp\/v2\/product_tag?post=131"}],"curies":[{"name":"wp","href":"https:\/\/api.w.org\/{rel}","templated":true}]}}