{"id":130,"date":"2023-04-29T21:47:42","date_gmt":"2023-04-29T21:47:42","guid":{"rendered":"https:\/\/recyclen.hu\/?post_type=product&#038;p=130"},"modified":"2023-04-29T21:47:54","modified_gmt":"2023-04-29T21:47:54","slug":"sebessegcsokkento-4cm","status":"publish","type":"product","link":"https:\/\/recyclen.hu\/index.php\/termek\/sebessegcsokkento-4cm\/","title":{"rendered":"Sebess\u00e9gcs\u00f6kkent\u0151 (4cm)"},"content":{"rendered":"<p><strong>M\u00e9ret:<\/strong> 400x250x40 mm<br \/>\n<strong>S\u00faly:<\/strong> 4,5 kg<br \/>\n<strong>Alapanyag:<\/strong> PVC<br \/>\n<strong>Alkalmaz\u00e1sa:<\/strong> \u00d6nkorm\u00e1nyzati utakon, p\u00e9ld\u00e1ul lak\u00f3-pihen\u0151 \u00f6vezetekben, vagy k\u00f6zforgalm\u00fa mag\u00e1nter\u00fcleteken &#8211; mint a benzinkutak, \u00e1ruh\u00e1zi parkol\u00f3k &#8211; de nagy j\u00e1rm\u0171forgalm\u00fa \u00fczemi ter\u00fcleteken is az el\u0151irt sebess\u00e9ghat\u00e1rt az \u00fatburkolaton elhelyezett fizikai eszk\u00f6z\u00f6kkel kell kik\u00e9nyszer\u00edteni. Erre a c\u00e9lra alkalmas term\u00e9k a l\u00e1gy, m\u00e9gis kop\u00e1s\u00e1ll\u00f3 \u00fajrahasznos\u00edtott m\u0171anyagb\u00f3l k\u00e9sz\u00fclt sebess\u00e9gcs\u00f6kkent\u0151 k\u00fcsz\u00f6b.<br \/>\n<strong>R\u00f6gz\u00edt\u00e9se:<\/strong> term\u00e9k r\u00f6gz\u00edt\u00e9se az \u00fattestre 2db M12-es d\u00fcbellel lehets\u00e9ges. Az elemek egym\u00e1shoz val\u00f3 pozicion\u00e1l\u00e1s\u00e1ban seg\u00edt a term\u00e9k alj\u00e1n l\u00e9v\u0151 vezet\u0151 ny\u00edl\u00e1s, melybe egy vezet\u0151 elemet (cs\u00f6vet) el lehet helyezni. Az elemeket k\u00fcl\u00f6n\u00f6sen nagy ig\u00e9nybev\u00e9tel eset\u00e9n leragasztj\u00e1k az aszfalt fel\u00fclet\u00e9re (bituflex). Az \u00fatk\u00fcsz\u00f6b rendelkezik v\u00e9gz\u00e1r\u00f3 elemmel is, mely szab\u00e1lyosan lez\u00e1rja a sort.<\/p>\n","protected":false},"excerpt":{"rendered":"<p><strong>M\u00e9ret:<\/strong> 400x250x40 mm<br \/>\n<strong>S\u00faly:<\/strong> 4,5 kg<br \/>\n<strong>Alapanyag:<\/strong> PVC<br \/>\n<strong>Alkalmaz\u00e1sa:<\/strong> \u00d6nkorm\u00e1nyzati utakon, p\u00e9ld\u00e1ul lak\u00f3-pihen\u0151 \u00f6vezetekben, vagy k\u00f6zforgalm\u00fa mag\u00e1nter\u00fcleteken &#8211; mint a benzinkutak, \u00e1ruh\u00e1zi parkol\u00f3k &#8211; de nagy j\u00e1rm\u0171forgalm\u00fa \u00fczemi ter\u00fcleteken is az el\u0151irt sebess\u00e9ghat\u00e1rt az \u00fatburkolaton elhelyezett fizikai eszk\u00f6z\u00f6kkel kell kik\u00e9nyszer\u00edteni. Erre a c\u00e9lra alkalmas term\u00e9k a l\u00e1gy, m\u00e9gis kop\u00e1s\u00e1ll\u00f3 \u00fajrahasznos\u00edtott m\u0171anyagb\u00f3l k\u00e9sz\u00fclt sebess\u00e9gcs\u00f6kkent\u0151 k\u00fcsz\u00f6b.<br \/>\n<strong>R\u00f6gz\u00edt\u00e9se:<\/strong> term\u00e9k r\u00f6gz\u00edt\u00e9se az \u00fattestre 2db M12-es d\u00fcbellel lehets\u00e9ges. Az elemek egym\u00e1shoz val\u00f3 pozicion\u00e1l\u00e1s\u00e1ban seg\u00edt a term\u00e9k alj\u00e1n l\u00e9v\u0151 vezet\u0151 ny\u00edl\u00e1s, melybe egy vezet\u0151 elemet (cs\u00f6vet) el lehet helyezni. Az elemeket k\u00fcl\u00f6n\u00f6sen nagy ig\u00e9nybev\u00e9tel eset\u00e9n leragasztj\u00e1k az aszfalt fel\u00fclet\u00e9re (bituflex). Az \u00fatk\u00fcsz\u00f6b rendelkezik v\u00e9gz\u00e1r\u00f3 elemmel is, mely szab\u00e1lyosan lez\u00e1rja a sort.<\/p>\n","protected":false},"featured_media":174,"comment_status":"open","ping_status":"closed","template":"","meta":[],"product_cat":[17,26],"product_tag":[],"class_list":{"0":"post-130","1":"product","2":"type-product","3":"status-publish","4":"has-post-thumbnail","6":"product_cat-forgalomtechnikai-eszkozok","7":"product_cat-sebessegcsokkento-elemek","9":"first","10":"instock","11":"shipping-taxable","12":"product-type-simple"},"_links":{"self":[{"href":"https:\/\/recyclen.hu\/index.php\/wp-json\/wp\/v2\/product\/130","targetHints":{"allow":["GET"]}}],"collection":[{"href":"https:\/\/recyclen.hu\/index.php\/wp-json\/wp\/v2\/product"}],"about":[{"href":"https:\/\/recyclen.hu\/index.php\/wp-json\/wp\/v2\/types\/product"}],"replies":[{"embeddable":true,"href":"https:\/\/recyclen.hu\/index.php\/wp-json\/wp\/v2\/comments?post=130"}],"version-history":[{"count":0,"href":"https:\/\/recyclen.hu\/index.php\/wp-json\/wp\/v2\/product\/130\/revisions"}],"wp:featuredmedia":[{"embeddable":true,"href":"https:\/\/recyclen.hu\/index.php\/wp-json\/wp\/v2\/media\/174"}],"wp:attachment":[{"href":"https:\/\/recyclen.hu\/index.php\/wp-json\/wp\/v2\/media?parent=130"}],"wp:term":[{"taxonomy":"product_cat","embeddable":true,"href":"https:\/\/recyclen.hu\/index.php\/wp-json\/wp\/v2\/product_cat?post=130"},{"taxonomy":"product_tag","embeddable":true,"href":"https:\/\/recyclen.hu\/index.php\/wp-json\/wp\/v2\/product_tag?post=130"}],"curies":[{"name":"wp","href":"https:\/\/api.w.org\/{rel}","templated":true}]}}