{"id":124,"date":"2023-04-29T21:47:42","date_gmt":"2023-04-29T21:47:42","guid":{"rendered":"https:\/\/recyclen.hu\/?post_type=product&#038;p=124"},"modified":"2023-04-29T21:56:42","modified_gmt":"2023-04-29T21:56:42","slug":"padkaracs","status":"publish","type":"product","link":"https:\/\/recyclen.hu\/index.php\/termek\/padkaracs\/","title":{"rendered":"Padkar\u00e1cs"},"content":{"rendered":"<p><b>M\u00e9ret:\u00a0<\/b>620 x 460 + (2\u00b0) x 65mm<br \/>\n<b>S\u00faly: <\/b>12 kg<br \/>\n<b>Alkalmaz\u00e1sa: <\/b>\u00dajrahasznos\u00edtott anyagb\u00f3l k\u00e9sz\u00fclt padkar\u00e1cs, mellyel az \u00fatpadka t\u00f6k\u00e9letes kialak\u00edt\u00e1sa val\u00f3s\u00edthat\u00f3 meg. A trap\u00e9z forma lehet\u0151s\u00e9get ad arra, hogy \u00edveket \u00e9s egyeneseket egyar\u00e1nt meg lehessen val\u00f3s\u00edtani. K\u00f6zutak azon r\u00e9sz\u00e9n\u00e9l, ahol az \u00fatpadka k\u00fcl\u00f6n\u00f6sen nagy ig\u00e9nybev\u00e9telnek van kit\u00e9ve (sz\u0171k \u00fattestek, kanyarok, stb.). A term\u00e9k tov\u00e1bb\u00e1 alkalmas j\u00e1rd\u00e1k, aut\u00f3 be\u00e1ll\u00f3k k\u00e9sz\u00edt\u00e9s\u00e9re is.<\/p>\n","protected":false},"excerpt":{"rendered":"<p><b>M\u00e9ret:\u00a0<\/b>620 x 460 + (2\u00b0) x 65mm<br \/>\n<b>S\u00faly: <\/b>12 kg<br \/>\n<b>Alkalmaz\u00e1sa: <\/b>\u00dajrahasznos\u00edtott anyagb\u00f3l k\u00e9sz\u00fclt padkar\u00e1cs, mellyel az \u00fatpadka t\u00f6k\u00e9letes kialak\u00edt\u00e1sa val\u00f3s\u00edthat\u00f3 meg. A trap\u00e9z forma lehet\u0151s\u00e9get ad arra, hogy \u00edveket \u00e9s egyeneseket egyar\u00e1nt meg lehessen val\u00f3s\u00edtani. K\u00f6zutak azon r\u00e9sz\u00e9n\u00e9l, ahol az \u00fatpadka k\u00fcl\u00f6n\u00f6sen nagy ig\u00e9nybev\u00e9telnek van kit\u00e9ve (sz\u0171k \u00fattestek, kanyarok, stb.). A term\u00e9k tov\u00e1bb\u00e1 alkalmas j\u00e1rd\u00e1k, aut\u00f3 be\u00e1ll\u00f3k k\u00e9sz\u00edt\u00e9s\u00e9re is.<\/p>\n","protected":false},"featured_media":159,"comment_status":"open","ping_status":"closed","template":"","meta":[],"product_cat":[31,22],"product_tag":[],"class_list":{"0":"post-124","1":"product","2":"type-product","3":"status-publish","4":"has-post-thumbnail","6":"product_cat-egyebek","7":"product_cat-padkaracs","9":"first","10":"instock","11":"shipping-taxable","12":"product-type-simple"},"_links":{"self":[{"href":"https:\/\/recyclen.hu\/index.php\/wp-json\/wp\/v2\/product\/124","targetHints":{"allow":["GET"]}}],"collection":[{"href":"https:\/\/recyclen.hu\/index.php\/wp-json\/wp\/v2\/product"}],"about":[{"href":"https:\/\/recyclen.hu\/index.php\/wp-json\/wp\/v2\/types\/product"}],"replies":[{"embeddable":true,"href":"https:\/\/recyclen.hu\/index.php\/wp-json\/wp\/v2\/comments?post=124"}],"version-history":[{"count":0,"href":"https:\/\/recyclen.hu\/index.php\/wp-json\/wp\/v2\/product\/124\/revisions"}],"wp:featuredmedia":[{"embeddable":true,"href":"https:\/\/recyclen.hu\/index.php\/wp-json\/wp\/v2\/media\/159"}],"wp:attachment":[{"href":"https:\/\/recyclen.hu\/index.php\/wp-json\/wp\/v2\/media?parent=124"}],"wp:term":[{"taxonomy":"product_cat","embeddable":true,"href":"https:\/\/recyclen.hu\/index.php\/wp-json\/wp\/v2\/product_cat?post=124"},{"taxonomy":"product_tag","embeddable":true,"href":"https:\/\/recyclen.hu\/index.php\/wp-json\/wp\/v2\/product_tag?post=124"}],"curies":[{"name":"wp","href":"https:\/\/api.w.org\/{rel}","templated":true}]}}