{"id":123,"date":"2023-04-29T21:47:42","date_gmt":"2023-04-29T21:47:42","guid":{"rendered":"https:\/\/recyclen.hu\/?post_type=product&#038;p=123"},"modified":"2023-04-29T21:47:48","modified_gmt":"2023-04-29T21:47:48","slug":"jarolap-kicsi","status":"publish","type":"product","link":"https:\/\/recyclen.hu\/index.php\/termek\/jarolap-kicsi\/","title":{"rendered":"J\u00e1r\u00f3lap &#8211; Kicsi"},"content":{"rendered":"<p><b>M\u00e9ret:\u00a0<\/b>1000 x 200 x 45mm<br \/>\n<b>S\u00faly: <\/b>5 kg<br \/>\n<b>Alkalmaz\u00e1sa: <\/b>A m\u0171anyag j\u00e1r\u00f3lapokb\u00f3l ideiglenes j\u00e1rd\u00e1k \u00e9s t\u00e9rburkolatok rakhat\u00f3k. Haszn\u00e1lhat\u00f3k k\u00e1belcsatorn\u00e1k lefed\u00e9s\u00e9re, ideiglenes hidak pall\u00f3jak\u00e9nt, kont\u00e9nerek, szem\u00e9tgy\u0171jt\u0151k al\u00e1t\u00e9tlemezek\u00e9nt \u2013 \u00e9s m\u00e9g sz\u00e1mtalan lehet\u0151s\u00e9g k\u00edn\u00e1lkozik.<\/p>\n","protected":false},"excerpt":{"rendered":"<p><b>M\u00e9ret:\u00a0<\/b>1000 x 200 x 45mm<br \/>\n<b>S\u00faly: <\/b>5 kg<br \/>\n<b>Alkalmaz\u00e1sa: <\/b>A m\u0171anyag j\u00e1r\u00f3lapokb\u00f3l ideiglenes j\u00e1rd\u00e1k \u00e9s t\u00e9rburkolatok rakhat\u00f3k. Haszn\u00e1lhat\u00f3k k\u00e1belcsatorn\u00e1k lefed\u00e9s\u00e9re, ideiglenes hidak pall\u00f3jak\u00e9nt, kont\u00e9nerek, szem\u00e9tgy\u0171jt\u0151k al\u00e1t\u00e9tlemezek\u00e9nt \u2013 \u00e9s m\u00e9g sz\u00e1mtalan lehet\u0151s\u00e9g k\u00edn\u00e1lkozik.<\/p>\n","protected":false},"featured_media":157,"comment_status":"open","ping_status":"closed","template":"","meta":[],"product_cat":[20,19],"product_tag":[],"class_list":{"0":"post-123","1":"product","2":"type-product","3":"status-publish","4":"has-post-thumbnail","6":"product_cat-jarolapok","7":"product_cat-lemeztermekek","9":"first","10":"instock","11":"shipping-taxable","12":"product-type-simple"},"_links":{"self":[{"href":"https:\/\/recyclen.hu\/index.php\/wp-json\/wp\/v2\/product\/123","targetHints":{"allow":["GET"]}}],"collection":[{"href":"https:\/\/recyclen.hu\/index.php\/wp-json\/wp\/v2\/product"}],"about":[{"href":"https:\/\/recyclen.hu\/index.php\/wp-json\/wp\/v2\/types\/product"}],"replies":[{"embeddable":true,"href":"https:\/\/recyclen.hu\/index.php\/wp-json\/wp\/v2\/comments?post=123"}],"version-history":[{"count":0,"href":"https:\/\/recyclen.hu\/index.php\/wp-json\/wp\/v2\/product\/123\/revisions"}],"wp:featuredmedia":[{"embeddable":true,"href":"https:\/\/recyclen.hu\/index.php\/wp-json\/wp\/v2\/media\/157"}],"wp:attachment":[{"href":"https:\/\/recyclen.hu\/index.php\/wp-json\/wp\/v2\/media?parent=123"}],"wp:term":[{"taxonomy":"product_cat","embeddable":true,"href":"https:\/\/recyclen.hu\/index.php\/wp-json\/wp\/v2\/product_cat?post=123"},{"taxonomy":"product_tag","embeddable":true,"href":"https:\/\/recyclen.hu\/index.php\/wp-json\/wp\/v2\/product_tag?post=123"}],"curies":[{"name":"wp","href":"https:\/\/api.w.org\/{rel}","templated":true}]}}